{"id":815,"date":"2018-08-02T12:19:44","date_gmt":"2018-08-02T15:19:44","guid":{"rendered":"https:\/\/ens4-mis.infd.edu.ar\/sitio\/datos-institucionales\/"},"modified":"2020-03-19T17:35:28","modified_gmt":"2020-03-19T20:35:28","slug":"datos-institucionales","status":"publish","type":"page","link":"https:\/\/ens4-mis.infd.edu.ar\/sitio\/datos-institucionales\/","title":{"rendered":"Datos institucionales"},"content":{"rendered":"<blockquote>\n<h1 style=\"text-align: center;\"><span style=\"color: #0000ff; font-family: georgia,palatino;\">Instituto Superior de Formaci\u00f3n Docente de la Escuela Normal Superior N\u00ba4.<\/span><\/h1>\n<ul>\n<li><span style=\"font-size: x-small; font-family: verdana;\">Horarios de atenci\u00f3n: TM: <span style=\"color: #0000ff;\">8 a 12<\/span> y TT:<\/span>\u00a0<span style=\"font-size: small; color: #0000ff; font-family: georgia,palatino;\">16 a 20:40<\/span><\/li>\n<li><span style=\"font-size: x-small; font-family: verdana;\">Direcci\u00f3n: <span style=\"color: #0000ff;\">Jos\u00e9 Ingenieros y Portuga<\/span><span style=\"color: #0000ff;\">l<\/span><span style=\"font-size: small; color: #0000ff; font-family: georgia,palatino;\">. Ober\u00e1. Mnes<\/span><\/span><\/li>\n<li><span style=\"font-size: x-small; font-family: verdana;\">Tel\u00e9fonos: <span style=\"font-size: small; color: #0000ff; font-family: georgia,palatino;\">03755-426992<\/span><\/span><\/li>\n<li><span style=\"font-size: x-small; font-family: verdana;\">E-mail de consultas: normal4obera@gmail.com<\/span><\/li>\n<li><span style=\"font-size: x-small; font-family: verdana;\">URL\u00a0\u00a0\u00a0\u00a0<a href=\"http:\/\/ens4.mis.infd.edu.ar\">http:\/\/ens4.mis.infd.edu.ar<\/a><br \/>\n<\/span><\/li>\n<\/ul>\n<\/blockquote>\n","protected":false},"excerpt":{"rendered":"<p>Instituto Superior de Formaci\u00f3n Docente de la Escuela Normal Superior N\u00ba4. Horarios de atenci\u00f3n: TM: 8 a 12 y TT:\u00a016 a 20:40 Direcci\u00f3n: Jos\u00e9 Ingenieros y Portugal. Ober\u00e1. Mnes Tel\u00e9fonos: 03755-426992 E-mail de consultas: normal4obera@gmail.com URL\u00a0\u00a0\u00a0\u00a0http:\/\/ens4.mis.infd.edu.ar<\/p>\n","protected":false},"author":135,"featured_media":0,"parent":0,"menu_order":0,"comment_status":"closed","ping_status":"closed","template":"","meta":[],"acf":[],"_links":{"self":[{"href":"https:\/\/ens4-mis.infd.edu.ar\/sitio\/wp-json\/wp\/v2\/pages\/815"}],"collection":[{"href":"https:\/\/ens4-mis.infd.edu.ar\/sitio\/wp-json\/wp\/v2\/pages"}],"about":[{"href":"https:\/\/ens4-mis.infd.edu.ar\/sitio\/wp-json\/wp\/v2\/types\/page"}],"author":[{"embeddable":true,"href":"https:\/\/ens4-mis.infd.edu.ar\/sitio\/wp-json\/wp\/v2\/users\/135"}],"replies":[{"embeddable":true,"href":"https:\/\/ens4-mis.infd.edu.ar\/sitio\/wp-json\/wp\/v2\/comments?post=815"}],"version-history":[{"count":2,"href":"https:\/\/ens4-mis.infd.edu.ar\/sitio\/wp-json\/wp\/v2\/pages\/815\/revisions"}],"predecessor-version":[{"id":848,"href":"https:\/\/ens4-mis.infd.edu.ar\/sitio\/wp-json\/wp\/v2\/pages\/815\/revisions\/848"}],"wp:attachment":[{"href":"https:\/\/ens4-mis.infd.edu.ar\/sitio\/wp-json\/wp\/v2\/media?parent=815"}],"curies":[{"name":"wp","href":"https:\/\/api.w.org\/{rel}","templated":true}]}}